{"id":269,"date":"2020-02-21T18:27:03","date_gmt":"2020-02-21T17:27:03","guid":{"rendered":"http:\/\/www.forensee.cz\/?page_id=269"},"modified":"2021-03-30T12:47:33","modified_gmt":"2021-03-30T10:47:33","slug":"zabezpeceni-pocitacu-a-telefonu","status":"publish","type":"page","link":"https:\/\/www.forensee.cz\/en\/zabezpeceni-pocitacu-a-telefonu\/","title":{"rendered":"Computer and Telephone Security"},"content":{"rendered":"<p>[et_pb_section fb_built=&#8220;1&#8243; _builder_version=&#8220;4.0.4&#8243; background_image=&#8220;http:\/\/www.forensee.cz\/wp-content\/uploads\/2020\/03\/dreamstime_xxl_158418769-Cropped-2.jpg&#8220; height=&#8220;500px&#8220; animation_style=&#8220;fade&#8220;][et_pb_row _builder_version=&#8220;4.0.4&#8243; custom_margin=&#8220;32px||||false|false&#8220;][et_pb_column type=&#8220;4_4&#8243; _builder_version=&#8220;4.0.4&#8243;][et_pb_text _builder_version=&#8220;4.0.4&#8243; text_text_color=&#8220;#ffffff&#8220; header_text_color=&#8220;#ffffff&#8220; header_font_size=&#8220;50px&#8220; header_2_text_color=&#8220;#ffffff&#8220; text_orientation=&#8220;center&#8220; header_font_tablet=&#8220;&#8220; header_font_phone=&#8220;&#8220; header_font_last_edited=&#8220;on|tablet&#8220; header_font_size_tablet=&#8220;45px&#8220; header_font_size_phone=&#8220;40px&#8220; header_font_size_last_edited=&#8220;on|phone&#8220; header_line_height_tablet=&#8220;1.3em&#8220; header_line_height_phone=&#8220;&#8220; header_line_height_last_edited=&#8220;on|desktop&#8220; header_2_font_tablet=&#8220;&#8220; header_2_font_phone=&#8220;&#8220; header_2_font_last_edited=&#8220;on|phone&#8220; header_2_font_size_tablet=&#8220;22px&#8220; header_2_font_size_phone=&#8220;20px&#8220; header_2_font_size_last_edited=&#8220;on|phone&#8220; header_2_line_height_tablet=&#8220;&#8220; header_2_line_height_phone=&#8220;&#8220; header_2_line_height_last_edited=&#8220;on|tablet&#8220; header_text_shadow_style=&#8220;preset5&#8243; header_2_text_shadow_style=&#8220;preset5&#8243;]<\/p>\n<h1><strong>Computer and Telephone Security<\/strong><\/h1>\n<p>&nbsp;<\/p>\n<p>&nbsp;<\/p>\n<h2>You wont be able to get in it either<\/h2>\n<p>[\/et_pb_text][\/et_pb_column][\/et_pb_row][\/et_pb_section][et_pb_section fb_built=&#8220;1&#8243; _builder_version=&#8220;4.0.4&#8243; custom_margin=&#8220;||-25px||false|false&#8220;][et_pb_row column_structure=&#8220;1_3,1_3,1_3&#8243; _builder_version=&#8220;4.0.4&#8243; animation_style=&#8220;fade&#8220;][et_pb_column type=&#8220;1_3&#8243; _builder_version=&#8220;4.0.4&#8243;][et_pb_testimonial quote_icon_color=&#8220;#ff9500&#8243; _builder_version=&#8220;4.0.4&#8243; body_font=&#8220;|600|||||||&#8220; body_text_color=&#8220;#000000&#8243; body_font_size=&#8220;18px&#8220; background_color=&#8220;rgba(0,0,0,0.04)&#8220; box_shadow_style=&#8220;preset2&#8243;]<\/p>\n<p><span>I want to be sure that if my laptop is lost or stolen, my data will not fall into unauthorized hands<\/span><\/p>\n<p>[\/et_pb_testimonial][\/et_pb_column][et_pb_column type=&#8220;1_3&#8243; _builder_version=&#8220;4.0.4&#8243;][et_pb_testimonial quote_icon_color=&#8220;#ff9500&#8243; _builder_version=&#8220;4.0.4&#8243; body_font=&#8220;|600|||||||&#8220; body_text_color=&#8220;#000000&#8243; body_font_size=&#8220;18px&#8220; background_color=&#8220;rgba(0,0,0,0.04)&#8220; box_shadow_style=&#8220;preset2&#8243;]<\/p>\n<p><span>I need to reliably clean my computer of any remnants of old data so that it cannot be restored.<\/span><\/p>\n<p>[\/et_pb_testimonial][\/et_pb_column][et_pb_column type=&#8220;1_3&#8243; _builder_version=&#8220;4.0.4&#8243;][et_pb_testimonial quote_icon_color=&#8220;#ff9500&#8243; _builder_version=&#8220;4.0.4&#8243; body_font=&#8220;|600|||||||&#8220; body_text_color=&#8220;#000000&#8243; body_font_size=&#8220;18px&#8220; background_color=&#8220;rgba(0,0,0,0.04)&#8220; box_shadow_style=&#8220;preset2&#8243;]<\/p>\n<p><strong><span>I have a lot of sensitive data on my mobile phone and I need to protect it as much as possible against misuse.<\/span><\/strong><\/p>\n<p>[\/et_pb_testimonial][\/et_pb_column][\/et_pb_row][\/et_pb_section][et_pb_section fb_built=&#8220;1&#8243; _builder_version=&#8220;4.0.4&#8243; background_color=&#8220;rgba(0,0,0,0.07)&#8220; custom_margin=&#8220;0px||||false|false&#8220; custom_padding=&#8220;0px||0px||false|false&#8220; border_color_top=&#8220;#ff9500&#8243; border_color_bottom=&#8220;#ff9500&#8243;][et_pb_row _builder_version=&#8220;4.0.4&#8243;][et_pb_column type=&#8220;4_4&#8243; _builder_version=&#8220;4.0.4&#8243;][et_pb_text _builder_version=&#8220;4.9.2&#8243; text_text_color=&#8220;#000000&#8243; text_font_size=&#8220;16px&#8220; header_2_text_color=&#8220;#000000&#8243; header_2_font_size=&#8220;35px&#8220; header_2_line_height=&#8220;1.3em&#8220; hover_enabled=&#8220;0&#8243; text_orientation=&#8220;justified&#8220; sticky_enabled=&#8220;0&#8243;]<\/p>\n<h2>Everyone should be concerned about the security of their data<\/h2>\n<p><span>Almost all of us have a range of sensitive or valuable data stored on our electronic devices - some on a mobile phone, others on a laptop. For some, it's sensitive personal messages, for others, financial statements, business correspondence, and for others, photographs.<\/span><br \/> <span>We should effectively protect this data from either unauthorised access or loss - especially with portable devices such as mobile phones or laptops, we can never rule out the risk of theft or loss of the device, and we must also consider the possibility of irreversible physical damage to the device.<\/span><br \/> <span>We will help you set up your security correctly so that it effectively minimizes the loss or misuse of your data and at the same time does not unnecessarily burden you in the daily use of your device. We will teach you the basic rules of secure work with data on your devices. And it doesn't matter at all that you don't understand \"computers\". Everyone can do it.<\/span><\/p>\n<p>[\/et_pb_text][\/et_pb_column][\/et_pb_row][\/et_pb_section][et_pb_section fb_built=&#8220;1&#8243; _builder_version=&#8220;4.0.4&#8243; custom_padding=&#8220;||||false|false&#8220;][et_pb_row _builder_version=&#8220;4.0.4&#8243; max_width=&#8220;250px&#8220; custom_margin=&#8220;||-70px||false|false&#8220; custom_padding=&#8220;0px||0px||false|false&#8220;][et_pb_column type=&#8220;4_4&#8243; _builder_version=&#8220;4.0.4&#8243;][et_pb_text _builder_version=&#8220;4.0.4&#8243; text_text_color=&#8220;#ffffff&#8220; header_text_color=&#8220;#ffffff&#8220; header_4_text_color=&#8220;#ffffff&#8220; header_4_font_size=&#8220;36px&#8220; background_color=&#8220;#ff9500&#8243; width=&#8220;100%&#8220; custom_margin=&#8220;-70px|||400px|false|false&#8220; custom_margin_tablet=&#8220;|||240px|false|false&#8220; custom_margin_phone=&#8220;||50px|100px|false|false&#8220; custom_margin_last_edited=&#8220;on|phone&#8220; custom_padding=&#8220;20px|15px|20px|15px|false|false&#8220; animation_style=&#8220;fade&#8220; border_color_all=&#8220;#ff9500&#8243;]<\/p>\n<h4><strong>Did you know that...<\/strong><\/h4>\n<p><span>you can very easily prevent the loss or theft of your data, with minimal costs?<\/span><\/p>\n<p>[\/et_pb_text][\/et_pb_column][\/et_pb_row][\/et_pb_section][et_pb_section fb_built=&#8220;1&#8243; _builder_version=&#8220;4.0.4&#8243;][et_pb_row _builder_version=&#8220;4.0.4&#8243; custom_margin=&#8220;0px||||false|false&#8220; custom_padding=&#8220;0px||0px||false|false&#8220;][et_pb_column type=&#8220;4_4&#8243; _builder_version=&#8220;4.0.4&#8243;][et_pb_text _builder_version=&#8220;4.0.4&#8243; text_font_size=&#8220;16px&#8220; header_2_text_color=&#8220;#000000&#8243; header_2_font_size=&#8220;35px&#8220; custom_margin=&#8220;-70px||||false|false&#8220;]<\/p>\n<h2>How We Proceed<\/h2>\n<p>&nbsp;<\/p>\n<p>[\/et_pb_text][\/et_pb_column][\/et_pb_row][et_pb_row column_structure=&#8220;1_4,1_4,1_4,1_4&#8243; _builder_version=&#8220;4.0.4&#8243; animation_style=&#8220;fade&#8220;][et_pb_column type=&#8220;1_4&#8243; _builder_version=&#8220;4.0.4&#8243;][et_pb_blurb title=&#8220;Sezn\u00e1men\u00ed&#8220; _builder_version=&#8220;4.0.4&#8243; custom_padding=&#8220;10px|10px|10px|10px|false|false&#8220; border_radii=&#8220;on|2px|2px|2px|2px&#8220; border_width_all=&#8220;2px&#8220; border_color_all=&#8220;#d6d6d6&#8243; box_shadow_style=&#8220;preset1&#8243;]<\/p>\n<p><span>In order to be able to devise measures appropriate to your way of working and the nature of your data, we will briefly get acquainted with what and how you do your work, where you move and what risks you are exposed to.<\/span><\/p>\n<p>[\/et_pb_blurb][\/et_pb_column][et_pb_column type=&#8220;1_4&#8243; _builder_version=&#8220;4.0.4&#8243;][et_pb_blurb title=&#8220;N\u00e1vrh&#8220; _builder_version=&#8220;4.0.4&#8243; custom_padding=&#8220;10px|10px|10px|10px|false|false&#8220; border_radii=&#8220;on|2px|2px|2px|2px&#8220; border_width_all=&#8220;2px&#8220; border_color_all=&#8220;#d6d6d6&#8243; box_shadow_style=&#8220;preset1&#8243;]<\/p>\n<p><span>Based on the information obtained, we will propose a variant solution for effective security of your data. You choose the variant yourself according to your preferences and according to what you rely on.<\/span><\/p>\n<p>[\/et_pb_blurb][\/et_pb_column][et_pb_column type=&#8220;1_4&#8243; _builder_version=&#8220;4.0.4&#8243;][et_pb_blurb title=&#8220;Realizace&#8220; _builder_version=&#8220;4.0.4&#8243; custom_padding=&#8220;10px|10px|10px|10px|false|false&#8220; border_radii=&#8220;on|2px|2px|2px|2px&#8220; border_width_all=&#8220;2px&#8220; border_color_all=&#8220;#d6d6d6&#8243; box_shadow_style=&#8220;preset1&#8243;]<\/p>\n<p>We apply the proposed measures, if necessary, we install the necessary software or hardware. We will teach you how to operate everything and you will receive some advice from us for further work.<\/p>\n<p>[\/et_pb_blurb][\/et_pb_column][et_pb_column type=&#8220;1_4&#8243; _builder_version=&#8220;4.0.4&#8243;][et_pb_blurb title=&#8220;Aftercare&#8220; _builder_version=&#8220;4.0.4&#8243; custom_padding=&#8220;10px|10px|10px|10px|false|false&#8220; border_radii=&#8220;on|2px|2px|2px|2px&#8220; border_width_all=&#8220;2px&#8220; border_color_all=&#8220;#d6d6d6&#8243; box_shadow_style=&#8220;preset1&#8243;]<\/p>\n<p><span>We meet once in a while and see if everything works as it should. We will verify that the conditions of your work or the scope and type of your data have not changed and if it will be appropriate to adjust some activities or settings.<\/span><\/p>\n<p>[\/et_pb_blurb][\/et_pb_column][\/et_pb_row][\/et_pb_section][et_pb_section fb_built=&#8220;1&#8243; _builder_version=&#8220;4.0.4&#8243; background_color=&#8220;#ff9500&#8243; animation_style=&#8220;fade&#8220;][et_pb_row column_structure=&#8220;1_3,2_3&#8243; _builder_version=&#8220;4.0.4&#8243; custom_margin=&#8220;||0px||false|false&#8220; custom_padding=&#8220;0px||0px||false|false&#8220;][et_pb_column type=&#8220;1_3&#8243; _builder_version=&#8220;4.0.4&#8243;][et_pb_image src=&#8220;http:\/\/www.forensee.cz\/wp-content\/uploads\/2020\/03\/dreamstime_xxl_70024257.jpg&#8220; align=&#8220;center&#8220; _builder_version=&#8220;4.0.4&#8243;][\/et_pb_image][\/et_pb_column][et_pb_column type=&#8220;2_3&#8243; _builder_version=&#8220;4.0.4&#8243;][et_pb_text _builder_version=&#8220;4.9.2&#8243; text_text_color=&#8220;#ffffff&#8220; text_font_size=&#8220;16px&#8220; header_2_text_color=&#8220;#ffffff&#8220; header_2_font_size=&#8220;35px&#8220; header_2_line_height=&#8220;1.5em&#8220; custom_margin=&#8220;0px||-45px||false|false&#8220; custom_padding=&#8220;0px||0px||false|false&#8220; hover_enabled=&#8220;0&#8243; text_orientation=&#8220;justified&#8220; sticky_enabled=&#8220;0&#8243;]<\/p>\n<h2><strong>Case Study<\/strong><\/h2>\n<p><strong>Client:<\/strong> Financial institution<\/p>\n<p><strong>Problem:<\/strong> Former employees are likely to have taken valuable know-how to competitors<\/p>\n<p><strong>Our solution:<\/strong><\/p>\n<p>We took possession of the personal computers and mobile phones of the former employees from the client, which were taken away immediately after they gave their notice. Using generally accepted procedures, we acquired the data from these devices in such a way that their integrity was not compromised and the output could be used in criminal proceedings in the event of serious findings.<\/p>\n<p>Subsequently, an analysis of the acquired data was performed. Parts of documents and e-mail messages that confirmed the client's suspicions were identified in the system files and deleted data. After breaking protection on one of the acquired phones, parts of conversations between former employees were found, clearly proving the targeted exfiltration of sensitive business data to competitors.<\/p>\n<p>&nbsp;<\/p>\n<p>[\/et_pb_text][\/et_pb_column][\/et_pb_row][\/et_pb_section][et_pb_section fb_built=&#8220;1&#8243; _builder_version=&#8220;4.0.4&#8243; animation_style=&#8220;fade&#8220;][et_pb_row column_structure=&#8220;1_2,1_2&#8243; _builder_version=&#8220;4.0.4&#8243;][et_pb_column type=&#8220;1_2&#8243; _builder_version=&#8220;4.0.4&#8243;][et_pb_image src=&#8220;http:\/\/www.forensee.cz\/wp-content\/uploads\/2020\/03\/ORG_DSC01157-2.jpg&#8220; _builder_version=&#8220;4.0.4&#8243; max_height=&#8220;460px&#8220;][\/et_pb_image][\/et_pb_column][et_pb_column type=&#8220;1_2&#8243; _builder_version=&#8220;4.0.4&#8243;][et_pb_team_member name=&#8220;Dominik Nov\u00e1k&#8220; position=&#8220;Konzultant&#8220; _builder_version=&#8220;4.0.4&#8243; header_font=&#8220;|600|||||||&#8220; header_text_color=&#8220;#000000&#8243; header_font_size=&#8220;25px&#8220; position_text_color=&#8220;#000000&#8243; custom_margin=&#8220;0px||||false|false&#8220; custom_padding=&#8220;100px||0px||false|false&#8220;][\/et_pb_team_member][et_pb_text _builder_version=&#8220;4.0.4&#8243; header_2_font_size=&#8220;20px&#8220;]<\/p>\n<h2 style=\"text-align: left;\">Need help protecting your data?<\/h2>\n<p>[\/et_pb_text][et_pb_blurb use_icon=&#8220;on&#8220; font_icon=&#8220;%%238%%&#8220; icon_color=&#8220;#ff9500&#8243; icon_placement=&#8220;left&#8220; _builder_version=&#8220;4.0.4&#8243; body_text_color=&#8220;#ff9500&#8243; body_font_size=&#8220;20px&#8220; body_link_text_color=&#8220;#ff9500&#8243;]<\/p>\n<p><a href=\"mailto:krasna@forensee.cz\">novak@forensee.cz<\/a><\/p>\n<p>[\/et_pb_blurb][et_pb_blurb use_icon=&#8220;on&#8220; font_icon=&#8220;%%264%%&#8220; icon_color=&#8220;#ff9500&#8243; icon_placement=&#8220;left&#8220; _builder_version=&#8220;4.0.4&#8243; body_text_color=&#8220;#ff9500&#8243; body_font_size=&#8220;20px&#8220; body_link_text_color=&#8220;#ff9500&#8243;]<\/p>\n<p>+420 722 018 021<\/p>\n<p>[\/et_pb_blurb][\/et_pb_column][\/et_pb_row][\/et_pb_section]<\/p>","protected":false},"excerpt":{"rendered":"<p>Zabezpe\u010den\u00ed po\u010d\u00edta\u010d\u016f a telefon\u016f &nbsp; &nbsp; Ani vy se do n\u011bj nedostaneteChci m\u00edt jistotu, \u017ee v p\u0159\u00edpad\u011b ztr\u00e1ty \u010di odcizen\u00ed notebooku se m\u00e1 data nedostanou do nepovolan\u00fdch rukouPot\u0159ebuji spolehliv\u011b vy\u010distit po\u010d\u00edta\u010d od jak\u00fdchkoliv poz\u016fstatk\u016f star\u00fdch dat tak, aby je nebylo mo\u017en\u00e9 obnovit.V mobiln\u00edm telefonu m\u00e1m mno\u017estv\u00ed citliv\u00fdch dat a pot\u0159ebuji je maxim\u00e1ln\u011b ochr\u00e1nit proti zneu\u017eit\u00ed.O [&hellip;]<\/p>","protected":false},"author":1,"featured_media":0,"parent":0,"menu_order":0,"comment_status":"closed","ping_status":"closed","template":"","meta":{"_et_pb_use_builder":"on","_et_pb_old_content":"","_et_gb_content_width":"","footnotes":""},"class_list":["post-269","page","type-page","status-publish","hentry"],"yoast_head":"<!-- This site is optimized with the Yoast SEO plugin v20.9 - https:\/\/yoast.com\/wordpress\/plugins\/seo\/ -->\n<title>Zabezpe\u010den\u00ed po\u010d\u00edta\u010d\u016f a telefon\u016f - ani vy se do n\u011bj nedostanete - forensee<\/title>\n<meta name=\"description\" content=\"Prakticky ka\u017ed\u00fd z n\u00e1s m\u00e1 na sv\u00fdch elektronick\u00fdch za\u0159\u00edzen\u00edch ulo\u017eenou celou \u0159adu citliv\u00fdch nebo cenn\u00fdch dat...\" \/>\n<meta name=\"robots\" content=\"index, follow, max-snippet:-1, max-image-preview:large, max-video-preview:-1\" \/>\n<link rel=\"canonical\" href=\"https:\/\/www.forensee.cz\/en\/zabezpeceni-pocitacu-a-telefonu\/\" \/>\n<meta property=\"og:locale\" content=\"en_US\" \/>\n<meta property=\"og:type\" content=\"article\" \/>\n<meta property=\"og:title\" content=\"Zabezpe\u010den\u00ed po\u010d\u00edta\u010d\u016f a telefon\u016f - ani vy se do n\u011bj nedostanete - forensee\" \/>\n<meta property=\"og:description\" content=\"Prakticky ka\u017ed\u00fd z n\u00e1s m\u00e1 na sv\u00fdch elektronick\u00fdch za\u0159\u00edzen\u00edch ulo\u017eenou celou \u0159adu citliv\u00fdch nebo cenn\u00fdch dat...\" \/>\n<meta property=\"og:url\" content=\"https:\/\/www.forensee.cz\/en\/zabezpeceni-pocitacu-a-telefonu\/\" \/>\n<meta property=\"og:site_name\" content=\"forensee\" \/>\n<meta property=\"article:publisher\" content=\"https:\/\/www.facebook.com\/forensee\" \/>\n<meta property=\"article:modified_time\" content=\"2021-03-30T10:47:33+00:00\" \/>\n<meta name=\"twitter:card\" content=\"summary_large_image\" \/>\n<meta name=\"twitter:site\" content=\"@forensee\" \/>\n<meta name=\"twitter:label1\" content=\"Est. reading time\" \/>\n\t<meta name=\"twitter:data1\" content=\"4 minutes\" \/>\n<script type=\"application\/ld+json\" class=\"yoast-schema-graph\">{\"@context\":\"https:\/\/schema.org\",\"@graph\":[{\"@type\":\"WebPage\",\"@id\":\"https:\/\/www.forensee.cz\/zabezpeceni-pocitacu-a-telefonu\/\",\"url\":\"https:\/\/www.forensee.cz\/zabezpeceni-pocitacu-a-telefonu\/\",\"name\":\"Zabezpe\u010den\u00ed po\u010d\u00edta\u010d\u016f a telefon\u016f - ani vy se do n\u011bj nedostanete - forensee\",\"isPartOf\":{\"@id\":\"https:\/\/www.forensee.cz\/#website\"},\"datePublished\":\"2020-02-21T17:27:03+00:00\",\"dateModified\":\"2021-03-30T10:47:33+00:00\",\"description\":\"Prakticky ka\u017ed\u00fd z n\u00e1s m\u00e1 na sv\u00fdch elektronick\u00fdch za\u0159\u00edzen\u00edch ulo\u017eenou celou \u0159adu citliv\u00fdch nebo cenn\u00fdch dat...\",\"breadcrumb\":{\"@id\":\"https:\/\/www.forensee.cz\/zabezpeceni-pocitacu-a-telefonu\/#breadcrumb\"},\"inLanguage\":\"en-US\",\"potentialAction\":[{\"@type\":\"ReadAction\",\"target\":[\"https:\/\/www.forensee.cz\/zabezpeceni-pocitacu-a-telefonu\/\"]}]},{\"@type\":\"BreadcrumbList\",\"@id\":\"https:\/\/www.forensee.cz\/zabezpeceni-pocitacu-a-telefonu\/#breadcrumb\",\"itemListElement\":[{\"@type\":\"ListItem\",\"position\":1,\"name\":\"Dom\u016f\",\"item\":\"https:\/\/www.forensee.cz\/\"},{\"@type\":\"ListItem\",\"position\":2,\"name\":\"Zabezpe\u010den\u00ed po\u010d\u00edta\u010d\u016f a telefon\u016f\"}]},{\"@type\":\"WebSite\",\"@id\":\"https:\/\/www.forensee.cz\/#website\",\"url\":\"https:\/\/www.forensee.cz\/\",\"name\":\"forensee\",\"description\":\"\u0158e\u0161en\u00ed a slu\u017eby v oblasti digit\u00e1ln\u00ed forenzn\u00ed anal\u00fdzy a \u0159\u00edzen\u00ed bezpe\u010dnosti informac\u00ed\",\"publisher\":{\"@id\":\"https:\/\/www.forensee.cz\/#organization\"},\"potentialAction\":[{\"@type\":\"SearchAction\",\"target\":{\"@type\":\"EntryPoint\",\"urlTemplate\":\"https:\/\/www.forensee.cz\/?s={search_term_string}\"},\"query-input\":\"required name=search_term_string\"}],\"inLanguage\":\"en-US\"},{\"@type\":\"Organization\",\"@id\":\"https:\/\/www.forensee.cz\/#organization\",\"name\":\"forensee\",\"url\":\"https:\/\/www.forensee.cz\/\",\"logo\":{\"@type\":\"ImageObject\",\"inLanguage\":\"en-US\",\"@id\":\"https:\/\/www.forensee.cz\/#\/schema\/logo\/image\/\",\"url\":\"https:\/\/www.forensee.cz\/wp-content\/uploads\/2020\/05\/image.png\",\"contentUrl\":\"https:\/\/www.forensee.cz\/wp-content\/uploads\/2020\/05\/image.png\",\"width\":300,\"height\":75,\"caption\":\"forensee\"},\"image\":{\"@id\":\"https:\/\/www.forensee.cz\/#\/schema\/logo\/image\/\"},\"sameAs\":[\"https:\/\/www.facebook.com\/forensee\",\"https:\/\/twitter.com\/forensee\"]}]}<\/script>\n<!-- \/ Yoast SEO plugin. -->","yoast_head_json":{"title":"Zabezpe\u010den\u00ed po\u010d\u00edta\u010d\u016f a telefon\u016f - ani vy se do n\u011bj nedostanete - forensee","description":"Prakticky ka\u017ed\u00fd z n\u00e1s m\u00e1 na sv\u00fdch elektronick\u00fdch za\u0159\u00edzen\u00edch ulo\u017eenou celou \u0159adu citliv\u00fdch nebo cenn\u00fdch dat...","robots":{"index":"index","follow":"follow","max-snippet":"max-snippet:-1","max-image-preview":"max-image-preview:large","max-video-preview":"max-video-preview:-1"},"canonical":"https:\/\/www.forensee.cz\/en\/zabezpeceni-pocitacu-a-telefonu\/","og_locale":"en_US","og_type":"article","og_title":"Zabezpe\u010den\u00ed po\u010d\u00edta\u010d\u016f a telefon\u016f - ani vy se do n\u011bj nedostanete - forensee","og_description":"Prakticky ka\u017ed\u00fd z n\u00e1s m\u00e1 na sv\u00fdch elektronick\u00fdch za\u0159\u00edzen\u00edch ulo\u017eenou celou \u0159adu citliv\u00fdch nebo cenn\u00fdch dat...","og_url":"https:\/\/www.forensee.cz\/en\/zabezpeceni-pocitacu-a-telefonu\/","og_site_name":"forensee","article_publisher":"https:\/\/www.facebook.com\/forensee","article_modified_time":"2021-03-30T10:47:33+00:00","twitter_card":"summary_large_image","twitter_site":"@forensee","twitter_misc":{"Est. reading time":"4 minutes"},"schema":{"@context":"https:\/\/schema.org","@graph":[{"@type":"WebPage","@id":"https:\/\/www.forensee.cz\/zabezpeceni-pocitacu-a-telefonu\/","url":"https:\/\/www.forensee.cz\/zabezpeceni-pocitacu-a-telefonu\/","name":"Zabezpe\u010den\u00ed po\u010d\u00edta\u010d\u016f a telefon\u016f - ani vy se do n\u011bj nedostanete - forensee","isPartOf":{"@id":"https:\/\/www.forensee.cz\/#website"},"datePublished":"2020-02-21T17:27:03+00:00","dateModified":"2021-03-30T10:47:33+00:00","description":"Prakticky ka\u017ed\u00fd z n\u00e1s m\u00e1 na sv\u00fdch elektronick\u00fdch za\u0159\u00edzen\u00edch ulo\u017eenou celou \u0159adu citliv\u00fdch nebo cenn\u00fdch dat...","breadcrumb":{"@id":"https:\/\/www.forensee.cz\/zabezpeceni-pocitacu-a-telefonu\/#breadcrumb"},"inLanguage":"en-US","potentialAction":[{"@type":"ReadAction","target":["https:\/\/www.forensee.cz\/zabezpeceni-pocitacu-a-telefonu\/"]}]},{"@type":"BreadcrumbList","@id":"https:\/\/www.forensee.cz\/zabezpeceni-pocitacu-a-telefonu\/#breadcrumb","itemListElement":[{"@type":"ListItem","position":1,"name":"Dom\u016f","item":"https:\/\/www.forensee.cz\/"},{"@type":"ListItem","position":2,"name":"Zabezpe\u010den\u00ed po\u010d\u00edta\u010d\u016f a telefon\u016f"}]},{"@type":"WebSite","@id":"https:\/\/www.forensee.cz\/#website","url":"https:\/\/www.forensee.cz\/","name":"forensee","description":"\u0158e\u0161en\u00ed a slu\u017eby v oblasti digit\u00e1ln\u00ed forenzn\u00ed anal\u00fdzy a \u0159\u00edzen\u00ed bezpe\u010dnosti informac\u00ed","publisher":{"@id":"https:\/\/www.forensee.cz\/#organization"},"potentialAction":[{"@type":"SearchAction","target":{"@type":"EntryPoint","urlTemplate":"https:\/\/www.forensee.cz\/?s={search_term_string}"},"query-input":"required name=search_term_string"}],"inLanguage":"en-US"},{"@type":"Organization","@id":"https:\/\/www.forensee.cz\/#organization","name":"forensee","url":"https:\/\/www.forensee.cz\/","logo":{"@type":"ImageObject","inLanguage":"en-US","@id":"https:\/\/www.forensee.cz\/#\/schema\/logo\/image\/","url":"https:\/\/www.forensee.cz\/wp-content\/uploads\/2020\/05\/image.png","contentUrl":"https:\/\/www.forensee.cz\/wp-content\/uploads\/2020\/05\/image.png","width":300,"height":75,"caption":"forensee"},"image":{"@id":"https:\/\/www.forensee.cz\/#\/schema\/logo\/image\/"},"sameAs":["https:\/\/www.facebook.com\/forensee","https:\/\/twitter.com\/forensee"]}]}},"_links":{"self":[{"href":"https:\/\/www.forensee.cz\/en\/wp-json\/wp\/v2\/pages\/269","targetHints":{"allow":["GET"]}}],"collection":[{"href":"https:\/\/www.forensee.cz\/en\/wp-json\/wp\/v2\/pages"}],"about":[{"href":"https:\/\/www.forensee.cz\/en\/wp-json\/wp\/v2\/types\/page"}],"author":[{"embeddable":true,"href":"https:\/\/www.forensee.cz\/en\/wp-json\/wp\/v2\/users\/1"}],"replies":[{"embeddable":true,"href":"https:\/\/www.forensee.cz\/en\/wp-json\/wp\/v2\/comments?post=269"}],"version-history":[{"count":15,"href":"https:\/\/www.forensee.cz\/en\/wp-json\/wp\/v2\/pages\/269\/revisions"}],"predecessor-version":[{"id":1794,"href":"https:\/\/www.forensee.cz\/en\/wp-json\/wp\/v2\/pages\/269\/revisions\/1794"}],"wp:attachment":[{"href":"https:\/\/www.forensee.cz\/en\/wp-json\/wp\/v2\/media?parent=269"}],"curies":[{"name":"wp","href":"https:\/\/api.w.org\/{rel}","templated":true}]}}