{"id":255,"date":"2020-02-21T18:23:03","date_gmt":"2020-02-21T17:23:03","guid":{"rendered":"http:\/\/www.forensee.cz\/?page_id=255"},"modified":"2021-03-30T12:38:31","modified_gmt":"2021-03-30T10:38:31","slug":"zachrana-dat","status":"publish","type":"page","link":"https:\/\/www.forensee.cz\/en\/zachrana-dat\/","title":{"rendered":"Data Recovery"},"content":{"rendered":"<p>[et_pb_section fb_built=&#8220;1&#8243; _builder_version=&#8220;4.0.4&#8243; background_image=&#8220;http:\/\/www.forensee.cz\/wp-content\/uploads\/2020\/03\/dreamstime_xxl_23927964-Cropped-2.jpg&#8220; height=&#8220;500px&#8220; animation_style=&#8220;fade&#8220;][et_pb_row _builder_version=&#8220;4.0.4&#8243; background_color=&#8220;rgba(0,0,0,0)&#8220; custom_margin=&#8220;32px||||false|false&#8220; custom_padding=&#8220;30px|||||&#8220;][et_pb_column type=&#8220;4_4&#8243; _builder_version=&#8220;4.0.4&#8243;][et_pb_text _builder_version=&#8220;4.0.4&#8243; text_text_color=&#8220;#ffffff&#8220; header_text_color=&#8220;#ffffff&#8220; header_font_size=&#8220;50px&#8220; header_2_text_color=&#8220;#ffffff&#8220; text_orientation=&#8220;center&#8220; header_font_size_tablet=&#8220;45px&#8220; header_font_size_phone=&#8220;40px&#8220; header_font_size_last_edited=&#8220;on|phone&#8220; header_2_font_size_tablet=&#8220;22px&#8220; header_2_font_size_phone=&#8220;20px&#8220; header_2_font_size_last_edited=&#8220;on|desktop&#8220; header_2_line_height_tablet=&#8220;1.3em&#8220; header_2_line_height_phone=&#8220;1.3em&#8220; header_2_line_height_last_edited=&#8220;on|phone&#8220; header_text_shadow_style=&#8220;preset5&#8243; header_2_text_shadow_style=&#8220;preset5&#8243;]<\/p>\n<h1><strong>Data Recovery<\/strong><\/h1>\n<p>&nbsp;<\/p>\n<p>&nbsp;<\/p>\n<h2>Data recovery from damaged disks, flash drives and other types of media<\/h2>\n<p>[\/et_pb_text][\/et_pb_column][\/et_pb_row][\/et_pb_section][et_pb_section fb_built=&#8220;1&#8243; _builder_version=&#8220;4.0.4&#8243; custom_margin=&#8220;||-25px||false|false&#8220;][et_pb_row column_structure=&#8220;1_3,1_3,1_3&#8243; _builder_version=&#8220;4.0.4&#8243; animation_style=&#8220;fade&#8220;][et_pb_column type=&#8220;1_3&#8243; _builder_version=&#8220;4.0.4&#8243;][et_pb_testimonial quote_icon_color=&#8220;#ff9500&#8243; _builder_version=&#8220;4.0.4&#8243; body_font=&#8220;|600|||||||&#8220; body_text_color=&#8220;#000000&#8243; body_font_size=&#8220;18px&#8220; background_color=&#8220;rgba(0,0,0,0.04)&#8220; box_shadow_style=&#8220;preset2&#8243;]<\/p>\n<p><strong><span>I had photos stored on a flash drive and now it's empty<\/span><\/strong><\/p>\n<p>[\/et_pb_testimonial][\/et_pb_column][et_pb_column type=&#8220;1_3&#8243; _builder_version=&#8220;4.0.4&#8243;][et_pb_testimonial quote_icon_color=&#8220;#ff9500&#8243; _builder_version=&#8220;4.0.4&#8243; body_font=&#8220;|600|||||||&#8220; body_text_color=&#8220;#000000&#8243; body_font_size=&#8220;18px&#8220; background_color=&#8220;rgba(0,0,0,0.04)&#8220; box_shadow_style=&#8220;preset2&#8243;]<\/p>\n<p><strong>Strange sounds are heard from the computer's hard disk and the computer does not start<\/strong><\/p>\n<p>[\/et_pb_testimonial][\/et_pb_column][et_pb_column type=&#8220;1_3&#8243; _builder_version=&#8220;4.0.4&#8243;][et_pb_testimonial quote_icon_color=&#8220;#ff9500&#8243; _builder_version=&#8220;4.0.4&#8243; body_font=&#8220;|600|||||||&#8220; body_text_color=&#8220;#000000&#8243; body_font_size=&#8220;18px&#8220; background_color=&#8220;rgba(0,0,0,0.04)&#8220; box_shadow_style=&#8220;preset2&#8243;]<\/p>\n<p><strong>Our disk storage did not recover after replacing the faulty disk<\/strong><\/p>\n<p>[\/et_pb_testimonial][\/et_pb_column][\/et_pb_row][\/et_pb_section][et_pb_section fb_built=&#8220;1&#8243; _builder_version=&#8220;4.0.4&#8243; background_color=&#8220;rgba(0,0,0,0.07)&#8220; custom_margin=&#8220;0px||||false|false&#8220; custom_padding=&#8220;0px||0px||false|false&#8220; border_color_top=&#8220;#ff9500&#8243; border_color_bottom=&#8220;#ff9500&#8243;][et_pb_row _builder_version=&#8220;4.0.4&#8243;][et_pb_column type=&#8220;4_4&#8243; _builder_version=&#8220;4.0.4&#8243;][et_pb_text _builder_version=&#8220;4.9.2&#8243; text_text_color=&#8220;#000000&#8243; text_font_size=&#8220;16px&#8220; header_2_text_color=&#8220;#000000&#8243; header_2_font_size=&#8220;35px&#8220; header_2_line_height=&#8220;1.3em&#8220; hover_enabled=&#8220;0&#8243; text_orientation=&#8220;justified&#8220; sticky_enabled=&#8220;0&#8243;]<\/p>\n<h2>A Damaged Disk May Not Mean Data Loss<\/h2>\n<p>Nowadays, most documents and information are stored in electronic form on one of the data carriers - hard disk, SSD disk, flash drive or memory card. Each of us has ever encountered or will encounter a situation in which one of the media fails and data is lost. If there is no backup, a serious problem arises. However, in most cases lost data can be recovered. These are not always simple tasks that you would be able to handle from the comfort of your home, which is why we offer a data recovery service.<br \/> We can recover data from HDD and SSD disks, RAID disk arrays, flash disks and memory cards, but also from mobile phones and other devices and media. The price and processing time depends on the type and extent of the damage.<\/p>\n<p>If you suspect that the data medium is damaged, you should stop using it immediately and have it professionally diagnosed or backed up. In most cases, postponing the solution of the problem means a subsequent increase of multiple times in the price of data recovery.<\/p>\n<p>&nbsp;<\/p>\n<p>[\/et_pb_text][\/et_pb_column][\/et_pb_row][\/et_pb_section][et_pb_section fb_built=&#8220;1&#8243; _builder_version=&#8220;4.0.4&#8243; custom_padding=&#8220;||||false|false&#8220;][et_pb_row _builder_version=&#8220;4.0.4&#8243; max_width=&#8220;250px&#8220; custom_margin=&#8220;||-70px||false|false&#8220; custom_padding=&#8220;0px||0px||false|false&#8220;][et_pb_column type=&#8220;4_4&#8243; _builder_version=&#8220;4.0.4&#8243;][et_pb_text _builder_version=&#8220;4.0.4&#8243; text_text_color=&#8220;#ffffff&#8220; header_text_color=&#8220;#ffffff&#8220; header_4_text_color=&#8220;#ffffff&#8220; header_4_font_size=&#8220;36px&#8220; background_color=&#8220;#ff9500&#8243; width=&#8220;100%&#8220; custom_margin=&#8220;-70px|||400px|false|false&#8220; custom_margin_tablet=&#8220;|||240px|false|false&#8220; custom_margin_phone=&#8220;||50px|100px|false|false&#8220; custom_margin_last_edited=&#8220;on|phone&#8220; custom_padding=&#8220;20px|15px|20px|15px|false|false&#8220; animation_style=&#8220;fade&#8220; border_color_all=&#8220;#ff9500&#8243;]<\/p>\n<h4><strong>Did you know that...<\/strong><\/h4>\n<p>saving lost data does not always mean tens of thousands of CZK to recover it?<\/p>\n<p>[\/et_pb_text][\/et_pb_column][\/et_pb_row][\/et_pb_section][et_pb_section fb_built=&#8220;1&#8243; _builder_version=&#8220;4.0.4&#8243;][et_pb_row _builder_version=&#8220;4.0.4&#8243; custom_margin=&#8220;-70px||||false|false&#8220; custom_padding=&#8220;0px||0px|1px|false|false&#8220;][et_pb_column type=&#8220;4_4&#8243; _builder_version=&#8220;4.0.4&#8243;][et_pb_text _builder_version=&#8220;4.0.4&#8243; text_font_size=&#8220;16px&#8220; header_2_text_color=&#8220;#000000&#8243; header_2_font_size=&#8220;35px&#8220;]<\/p>\n<h2>What Can We Do<\/h2>\n<p>&nbsp;<\/p>\n<p>[\/et_pb_text][\/et_pb_column][\/et_pb_row][et_pb_row column_structure=&#8220;1_4,1_4,1_4,1_4&#8243; _builder_version=&#8220;4.0.4&#8243; animation_style=&#8220;fade&#8220;][et_pb_column type=&#8220;1_4&#8243; _builder_version=&#8220;4.0.4&#8243;][et_pb_blurb title=&#8220;HDD&#8220; _builder_version=&#8220;4.0.4&#8243; custom_padding=&#8220;10px|10px|10px|10px|false|false&#8220; border_radii=&#8220;on|2px|2px|2px|2px&#8220; border_width_all=&#8220;2px&#8220; border_color_all=&#8220;#d6d6d6&#8243; box_shadow_style=&#8220;preset1&#8243;]<\/p>\n<p><span>Hard drives are still found in most desktops, on older notebooks, and are used in most external drives or storage devices. They contain a number of moving parts and are generally among the most susceptible to mechanical damage. The disk controller may also fail. We offer data recovery in the event of mechanical damage and damage to the electronics.<\/span><\/p>\n<p>[\/et_pb_blurb][\/et_pb_column][et_pb_column type=&#8220;1_4&#8243; _builder_version=&#8220;4.0.4&#8243;][et_pb_blurb title=&#8220;SSD a flash disky&#8220; _builder_version=&#8220;4.0.4&#8243; custom_padding=&#8220;10px|10px|10px|10px|false|false&#8220; border_radii=&#8220;on|2px|2px|2px|2px&#8220; border_width_all=&#8220;2px&#8220; border_color_all=&#8220;#d6d6d6&#8243; box_shadow_style=&#8220;preset1&#8243;]<\/p>\n<p><span>SSDs and flash drives are electronic data storage devices that differ from conventional HDDs - they have no moving parts, offering significantly faster data transfer speeds. They are less susceptible to mechanical damage from drops or shocks, making problems with the device's control electronics all the more common.<\/span><\/p>\n<p>[\/et_pb_blurb][\/et_pb_column][et_pb_column type=&#8220;1_4&#8243; _builder_version=&#8220;4.0.4&#8243;][et_pb_blurb title=&#8220;RAID diskov\u00e1 pole&#8220; _builder_version=&#8220;4.0.4&#8243; custom_padding=&#8220;10px|10px|10px|10px|false|false&#8220; border_radii=&#8220;on|2px|2px|2px|2px&#8220; border_width_all=&#8220;2px&#8220; border_color_all=&#8220;#d6d6d6&#8243; box_shadow_style=&#8220;preset1&#8243;]<\/p>\n<p><span>We are able to salvage data from damaged hardware and software disk arrays even without knowing their configuration. We are able to recover data on all types of disk arrays such as RAID 0, RAID 1, or RAID 5.<\/span><\/p>\n<p>[\/et_pb_blurb][\/et_pb_column][et_pb_column type=&#8220;1_4&#8243; _builder_version=&#8220;4.0.4&#8243;][et_pb_blurb title=&#8220;Mobiln\u00ed za\u0159\u00edzen\u00ed&#8220; _builder_version=&#8220;4.0.4&#8243; custom_padding=&#8220;10px|10px|10px|10px|false|false&#8220; border_radii=&#8220;on|2px|2px|2px|2px&#8220; border_width_all=&#8220;2px&#8220; border_color_all=&#8220;#d6d6d6&#8243; box_shadow_style=&#8220;preset1&#8243;]<\/p>\n<p><span>We also save data from mobile devices - phones, tablets. We are able to recover data even from malfunctioning or damaged devices.<\/span><\/p>\n<p>[\/et_pb_blurb][\/et_pb_column][\/et_pb_row][\/et_pb_section][et_pb_section fb_built=&#8220;1&#8243; _builder_version=&#8220;4.0.4&#8243; background_color=&#8220;#ff9500&#8243; animation_style=&#8220;fade&#8220;][et_pb_row column_structure=&#8220;1_3,2_3&#8243; _builder_version=&#8220;4.0.4&#8243; custom_margin=&#8220;||0px||false|false&#8220; custom_padding=&#8220;0px||0px||false|false&#8220;][et_pb_column type=&#8220;1_3&#8243; _builder_version=&#8220;4.0.4&#8243;][et_pb_image src=&#8220;http:\/\/www.forensee.cz\/wp-content\/uploads\/2020\/05\/shutterstock_315130838-kopie.jpg&#8220; align=&#8220;center&#8220; _builder_version=&#8220;4.0.4&#8243;][\/et_pb_image][\/et_pb_column][et_pb_column type=&#8220;2_3&#8243; _builder_version=&#8220;4.0.4&#8243;][et_pb_text _builder_version=&#8220;4.9.2&#8243; text_text_color=&#8220;#ffffff&#8220; text_font_size=&#8220;16px&#8220; header_2_text_color=&#8220;#ffffff&#8220; header_2_font_size=&#8220;35px&#8220; header_2_line_height=&#8220;1.5em&#8220; custom_margin=&#8220;0px||-45px||false|false&#8220; custom_padding=&#8220;0px||0px||false|false&#8220; hover_enabled=&#8220;0&#8243; text_orientation=&#8220;justified&#8220; sticky_enabled=&#8220;0&#8243;]<\/p>\n<h2><strong>Case Study<\/strong><span style=\"font-size: 16px;\">\u00a0<\/span><\/h2>\n<p><strong>Client:<\/strong> <span>Private businessman<\/span><\/p>\n<p><strong>Problem:<\/strong> <span>Selh\u00e1n\u00ed raidov\u00e9ho \u00falo\u017ei\u0161t\u011b<\/span><\/p>\n<p><strong>Our solution:<\/strong><\/p>\n<p><span>A client contacted us for advice after an external raid storage failed. After replacing one failed disk from the raid array, the array was not reconstructed and after several failed attempts the storage stopped responding altogether. The client first tried to resolve the issue with the manufacturer's support, but he was unsuccessful. He therefore contacted us. All disks from the storage array turned out to be functional, we even managed to retrieve the supposedly non-functional replaced disk. After creating backup copies of all the array disks, we were able to identify the parameters of the RAID 5 array used and with that knowledge, we then used specialized software to restore the original array and we were able to give the client his copied corporate data for further use.<\/span><\/p>\n<p>&nbsp;<\/p>\n<p>[\/et_pb_text][\/et_pb_column][\/et_pb_row][\/et_pb_section][et_pb_section fb_built=&#8220;1&#8243; _builder_version=&#8220;4.0.4&#8243; animation_style=&#8220;fade&#8220;][et_pb_row column_structure=&#8220;1_2,1_2&#8243; _builder_version=&#8220;4.0.4&#8243;][et_pb_column type=&#8220;1_2&#8243; _builder_version=&#8220;4.0.4&#8243;][et_pb_image src=&#8220;http:\/\/www.forensee.cz\/wp-content\/uploads\/2020\/03\/ORG_DSC01157-2.jpg&#8220; _builder_version=&#8220;4.0.4&#8243; max_height=&#8220;460px&#8220;][\/et_pb_image][\/et_pb_column][et_pb_column type=&#8220;1_2&#8243; _builder_version=&#8220;4.0.4&#8243;][et_pb_team_member name=&#8220;Dominik Nov\u00e1k&#8220; position=&#8220;Konzultant&#8220; _builder_version=&#8220;4.0.4&#8243; header_font=&#8220;|600|||||||&#8220; header_text_color=&#8220;#000000&#8243; header_font_size=&#8220;25px&#8220; position_text_color=&#8220;#000000&#8243; custom_margin=&#8220;0px||||false|false&#8220; custom_padding=&#8220;100px||0px||false|false&#8220;][\/et_pb_team_member][et_pb_text _builder_version=&#8220;4.0.4&#8243; header_2_font_size=&#8220;20px&#8220; custom_padding=&#8220;0px|||||&#8220;]<\/p>\n<h2 style=\"text-align: left;\">Need to recover or save data?<\/h2>\n<p>[\/et_pb_text][et_pb_blurb use_icon=&#8220;on&#8220; font_icon=&#8220;%%238%%&#8220; icon_color=&#8220;#ff9500&#8243; icon_placement=&#8220;left&#8220; _builder_version=&#8220;4.0.4&#8243; body_text_color=&#8220;#ff9500&#8243; body_font_size=&#8220;20px&#8220; body_link_text_color=&#8220;#ff9500&#8243;]<\/p>\n<p><a href=\"mailto:novak@forensee.cz\">novak@forensee.cz<\/a>\u00a0<\/p>\n<p>[\/et_pb_blurb][et_pb_blurb use_icon=&#8220;on&#8220; font_icon=&#8220;%%264%%&#8220; icon_color=&#8220;#ff9500&#8243; icon_placement=&#8220;left&#8220; _builder_version=&#8220;4.0.4&#8243; body_text_color=&#8220;#ff9500&#8243; body_font_size=&#8220;20px&#8220; body_link_text_color=&#8220;#ff9500&#8243;]<\/p>\n<p>+420 722 018 021<\/p>\n<p>[\/et_pb_blurb][\/et_pb_column][\/et_pb_row][\/et_pb_section]<\/p>","protected":false},"excerpt":{"rendered":"<p>Z\u00e1chrana dat &nbsp; &nbsp; Z\u00e1chrana dat z po\u0161kozen\u00fdch disk\u016f, flash disk\u016f a dal\u0161\u00edch m\u00e9di\u00edNa flashce jsem m\u011bl ulo\u017een\u00e9 fotky a te\u010f vypad\u00e1 pr\u00e1zdn\u00e1Z pevn\u00e9ho disku po\u010d\u00edta\u010de se oz\u00fdvaj\u00ed divn\u00e9 zvuky a po\u010d\u00edta\u010d nenastartujeNa\u0161e diskov\u00e9 \u00falo\u017ei\u0161t\u011b se po v\u00fdm\u011bn\u011b vadn\u00e9ho disku neobnovilo.Po\u0161kozen\u00fd disk nemus\u00ed znamenat ztr\u00e1tu dat V sou\u010dasn\u00e9 dob\u011b je v\u011bt\u0161ina dokument\u016f a informac\u00ed ulo\u017eena [&hellip;]<\/p>","protected":false},"author":1,"featured_media":0,"parent":0,"menu_order":0,"comment_status":"closed","ping_status":"closed","template":"","meta":{"_et_pb_use_builder":"on","_et_pb_old_content":"","_et_gb_content_width":"","footnotes":""},"class_list":["post-255","page","type-page","status-publish","hentry"],"yoast_head":"<!-- This site is optimized with the Yoast SEO plugin v20.9 - https:\/\/yoast.com\/wordpress\/plugins\/seo\/ -->\n<title>Z\u00e1chrana dat - z po\u0161kozen\u00fdch disk\u016f, flash disk\u016f a dal\u0161\u00edch m\u00e9di\u00ed - forensee<\/title>\n<meta name=\"description\" content=\"V sou\u010dasn\u00e9 dob\u011b je v\u011bt\u0161ina dokument\u016f a informac\u00ed ulo\u017eena v elektronick\u00e9 podob\u011b na n\u011bkter\u00e9m z datov\u00fdch nosi\u010d\u016f \u2013 HDD, SSD, flashce...\" \/>\n<meta name=\"robots\" content=\"index, follow, max-snippet:-1, max-image-preview:large, max-video-preview:-1\" \/>\n<link rel=\"canonical\" href=\"https:\/\/www.forensee.cz\/en\/zachrana-dat\/\" \/>\n<meta property=\"og:locale\" content=\"en_US\" \/>\n<meta property=\"og:type\" content=\"article\" \/>\n<meta property=\"og:title\" content=\"Z\u00e1chrana dat - z po\u0161kozen\u00fdch disk\u016f, flash disk\u016f a dal\u0161\u00edch m\u00e9di\u00ed - forensee\" \/>\n<meta property=\"og:description\" content=\"V sou\u010dasn\u00e9 dob\u011b je v\u011bt\u0161ina dokument\u016f a informac\u00ed ulo\u017eena v elektronick\u00e9 podob\u011b na n\u011bkter\u00e9m z datov\u00fdch nosi\u010d\u016f \u2013 HDD, SSD, flashce...\" \/>\n<meta property=\"og:url\" content=\"https:\/\/www.forensee.cz\/en\/zachrana-dat\/\" \/>\n<meta property=\"og:site_name\" content=\"forensee\" \/>\n<meta property=\"article:publisher\" content=\"https:\/\/www.facebook.com\/forensee\" \/>\n<meta property=\"article:modified_time\" content=\"2021-03-30T10:38:31+00:00\" \/>\n<meta name=\"twitter:card\" content=\"summary_large_image\" \/>\n<meta name=\"twitter:site\" content=\"@forensee\" \/>\n<meta name=\"twitter:label1\" content=\"Est. reading time\" \/>\n\t<meta name=\"twitter:data1\" content=\"4 minutes\" \/>\n<script type=\"application\/ld+json\" class=\"yoast-schema-graph\">{\"@context\":\"https:\/\/schema.org\",\"@graph\":[{\"@type\":\"WebPage\",\"@id\":\"https:\/\/www.forensee.cz\/zachrana-dat\/\",\"url\":\"https:\/\/www.forensee.cz\/zachrana-dat\/\",\"name\":\"Z\u00e1chrana dat - z po\u0161kozen\u00fdch disk\u016f, flash disk\u016f a dal\u0161\u00edch m\u00e9di\u00ed - forensee\",\"isPartOf\":{\"@id\":\"https:\/\/www.forensee.cz\/#website\"},\"datePublished\":\"2020-02-21T17:23:03+00:00\",\"dateModified\":\"2021-03-30T10:38:31+00:00\",\"description\":\"V sou\u010dasn\u00e9 dob\u011b je v\u011bt\u0161ina dokument\u016f a informac\u00ed ulo\u017eena v elektronick\u00e9 podob\u011b na n\u011bkter\u00e9m z datov\u00fdch nosi\u010d\u016f \u2013 HDD, SSD, flashce...\",\"breadcrumb\":{\"@id\":\"https:\/\/www.forensee.cz\/zachrana-dat\/#breadcrumb\"},\"inLanguage\":\"en-US\",\"potentialAction\":[{\"@type\":\"ReadAction\",\"target\":[\"https:\/\/www.forensee.cz\/zachrana-dat\/\"]}]},{\"@type\":\"BreadcrumbList\",\"@id\":\"https:\/\/www.forensee.cz\/zachrana-dat\/#breadcrumb\",\"itemListElement\":[{\"@type\":\"ListItem\",\"position\":1,\"name\":\"Dom\u016f\",\"item\":\"https:\/\/www.forensee.cz\/\"},{\"@type\":\"ListItem\",\"position\":2,\"name\":\"Z\u00e1chrana dat\"}]},{\"@type\":\"WebSite\",\"@id\":\"https:\/\/www.forensee.cz\/#website\",\"url\":\"https:\/\/www.forensee.cz\/\",\"name\":\"forensee\",\"description\":\"\u0158e\u0161en\u00ed a slu\u017eby v oblasti digit\u00e1ln\u00ed forenzn\u00ed anal\u00fdzy a \u0159\u00edzen\u00ed bezpe\u010dnosti informac\u00ed\",\"publisher\":{\"@id\":\"https:\/\/www.forensee.cz\/#organization\"},\"potentialAction\":[{\"@type\":\"SearchAction\",\"target\":{\"@type\":\"EntryPoint\",\"urlTemplate\":\"https:\/\/www.forensee.cz\/?s={search_term_string}\"},\"query-input\":\"required name=search_term_string\"}],\"inLanguage\":\"en-US\"},{\"@type\":\"Organization\",\"@id\":\"https:\/\/www.forensee.cz\/#organization\",\"name\":\"forensee\",\"url\":\"https:\/\/www.forensee.cz\/\",\"logo\":{\"@type\":\"ImageObject\",\"inLanguage\":\"en-US\",\"@id\":\"https:\/\/www.forensee.cz\/#\/schema\/logo\/image\/\",\"url\":\"https:\/\/www.forensee.cz\/wp-content\/uploads\/2020\/05\/image.png\",\"contentUrl\":\"https:\/\/www.forensee.cz\/wp-content\/uploads\/2020\/05\/image.png\",\"width\":300,\"height\":75,\"caption\":\"forensee\"},\"image\":{\"@id\":\"https:\/\/www.forensee.cz\/#\/schema\/logo\/image\/\"},\"sameAs\":[\"https:\/\/www.facebook.com\/forensee\",\"https:\/\/twitter.com\/forensee\"]}]}<\/script>\n<!-- \/ Yoast SEO plugin. -->","yoast_head_json":{"title":"Z\u00e1chrana dat - z po\u0161kozen\u00fdch disk\u016f, flash disk\u016f a dal\u0161\u00edch m\u00e9di\u00ed - forensee","description":"V sou\u010dasn\u00e9 dob\u011b je v\u011bt\u0161ina dokument\u016f a informac\u00ed ulo\u017eena v elektronick\u00e9 podob\u011b na n\u011bkter\u00e9m z datov\u00fdch nosi\u010d\u016f \u2013 HDD, SSD, flashce...","robots":{"index":"index","follow":"follow","max-snippet":"max-snippet:-1","max-image-preview":"max-image-preview:large","max-video-preview":"max-video-preview:-1"},"canonical":"https:\/\/www.forensee.cz\/en\/zachrana-dat\/","og_locale":"en_US","og_type":"article","og_title":"Z\u00e1chrana dat - z po\u0161kozen\u00fdch disk\u016f, flash disk\u016f a dal\u0161\u00edch m\u00e9di\u00ed - forensee","og_description":"V sou\u010dasn\u00e9 dob\u011b je v\u011bt\u0161ina dokument\u016f a informac\u00ed ulo\u017eena v elektronick\u00e9 podob\u011b na n\u011bkter\u00e9m z datov\u00fdch nosi\u010d\u016f \u2013 HDD, SSD, flashce...","og_url":"https:\/\/www.forensee.cz\/en\/zachrana-dat\/","og_site_name":"forensee","article_publisher":"https:\/\/www.facebook.com\/forensee","article_modified_time":"2021-03-30T10:38:31+00:00","twitter_card":"summary_large_image","twitter_site":"@forensee","twitter_misc":{"Est. reading time":"4 minutes"},"schema":{"@context":"https:\/\/schema.org","@graph":[{"@type":"WebPage","@id":"https:\/\/www.forensee.cz\/zachrana-dat\/","url":"https:\/\/www.forensee.cz\/zachrana-dat\/","name":"Z\u00e1chrana dat - z po\u0161kozen\u00fdch disk\u016f, flash disk\u016f a dal\u0161\u00edch m\u00e9di\u00ed - forensee","isPartOf":{"@id":"https:\/\/www.forensee.cz\/#website"},"datePublished":"2020-02-21T17:23:03+00:00","dateModified":"2021-03-30T10:38:31+00:00","description":"V sou\u010dasn\u00e9 dob\u011b je v\u011bt\u0161ina dokument\u016f a informac\u00ed ulo\u017eena v elektronick\u00e9 podob\u011b na n\u011bkter\u00e9m z datov\u00fdch nosi\u010d\u016f \u2013 HDD, SSD, flashce...","breadcrumb":{"@id":"https:\/\/www.forensee.cz\/zachrana-dat\/#breadcrumb"},"inLanguage":"en-US","potentialAction":[{"@type":"ReadAction","target":["https:\/\/www.forensee.cz\/zachrana-dat\/"]}]},{"@type":"BreadcrumbList","@id":"https:\/\/www.forensee.cz\/zachrana-dat\/#breadcrumb","itemListElement":[{"@type":"ListItem","position":1,"name":"Dom\u016f","item":"https:\/\/www.forensee.cz\/"},{"@type":"ListItem","position":2,"name":"Z\u00e1chrana dat"}]},{"@type":"WebSite","@id":"https:\/\/www.forensee.cz\/#website","url":"https:\/\/www.forensee.cz\/","name":"forensee","description":"\u0158e\u0161en\u00ed a slu\u017eby v oblasti digit\u00e1ln\u00ed forenzn\u00ed anal\u00fdzy a \u0159\u00edzen\u00ed bezpe\u010dnosti informac\u00ed","publisher":{"@id":"https:\/\/www.forensee.cz\/#organization"},"potentialAction":[{"@type":"SearchAction","target":{"@type":"EntryPoint","urlTemplate":"https:\/\/www.forensee.cz\/?s={search_term_string}"},"query-input":"required name=search_term_string"}],"inLanguage":"en-US"},{"@type":"Organization","@id":"https:\/\/www.forensee.cz\/#organization","name":"forensee","url":"https:\/\/www.forensee.cz\/","logo":{"@type":"ImageObject","inLanguage":"en-US","@id":"https:\/\/www.forensee.cz\/#\/schema\/logo\/image\/","url":"https:\/\/www.forensee.cz\/wp-content\/uploads\/2020\/05\/image.png","contentUrl":"https:\/\/www.forensee.cz\/wp-content\/uploads\/2020\/05\/image.png","width":300,"height":75,"caption":"forensee"},"image":{"@id":"https:\/\/www.forensee.cz\/#\/schema\/logo\/image\/"},"sameAs":["https:\/\/www.facebook.com\/forensee","https:\/\/twitter.com\/forensee"]}]}},"_links":{"self":[{"href":"https:\/\/www.forensee.cz\/en\/wp-json\/wp\/v2\/pages\/255","targetHints":{"allow":["GET"]}}],"collection":[{"href":"https:\/\/www.forensee.cz\/en\/wp-json\/wp\/v2\/pages"}],"about":[{"href":"https:\/\/www.forensee.cz\/en\/wp-json\/wp\/v2\/types\/page"}],"author":[{"embeddable":true,"href":"https:\/\/www.forensee.cz\/en\/wp-json\/wp\/v2\/users\/1"}],"replies":[{"embeddable":true,"href":"https:\/\/www.forensee.cz\/en\/wp-json\/wp\/v2\/comments?post=255"}],"version-history":[{"count":21,"href":"https:\/\/www.forensee.cz\/en\/wp-json\/wp\/v2\/pages\/255\/revisions"}],"predecessor-version":[{"id":1790,"href":"https:\/\/www.forensee.cz\/en\/wp-json\/wp\/v2\/pages\/255\/revisions\/1790"}],"wp:attachment":[{"href":"https:\/\/www.forensee.cz\/en\/wp-json\/wp\/v2\/media?parent=255"}],"curies":[{"name":"wp","href":"https:\/\/api.w.org\/{rel}","templated":true}]}}