{"id":247,"date":"2020-02-21T18:20:47","date_gmt":"2020-02-21T17:20:47","guid":{"rendered":"http:\/\/www.forensee.cz\/?page_id=247"},"modified":"2021-03-30T12:35:47","modified_gmt":"2021-03-30T10:35:47","slug":"znalecke-posudky","status":"publish","type":"page","link":"https:\/\/www.forensee.cz\/en\/znalecke-posudky\/","title":{"rendered":"Forensic Report"},"content":{"rendered":"<p>[et_pb_section fb_built=&#8220;1&#8243; _builder_version=&#8220;4.0.4&#8243; background_image=&#8220;http:\/\/www.forensee.cz\/wp-content\/uploads\/2020\/03\/dreamstime_xxl_96596646-1.jpg&#8220; height=&#8220;500px&#8220; animation_style=&#8220;fade&#8220; background__hover_enabled=&#8220;on|hover&#8220;][et_pb_row _builder_version=&#8220;4.0.4&#8243; custom_margin=&#8220;32px||||false|false&#8220;][et_pb_column type=&#8220;4_4&#8243; _builder_version=&#8220;4.0.4&#8243;][et_pb_text _builder_version=&#8220;4.0.4&#8243; text_text_color=&#8220;#ffffff&#8220; header_text_color=&#8220;#ffffff&#8220; header_font_size=&#8220;50px&#8220; header_2_text_color=&#8220;#ffffff&#8220; text_orientation=&#8220;center&#8220; header_font_size_tablet=&#8220;45px&#8220; header_font_size_phone=&#8220;40px&#8220; header_font_size_last_edited=&#8220;on|desktop&#8220; header_line_height_tablet=&#8220;&#8220; header_line_height_phone=&#8220;&#8220; header_line_height_last_edited=&#8220;on|phone&#8220; header_2_font_size_tablet=&#8220;22px&#8220; header_2_font_size_phone=&#8220;20px&#8220; header_2_font_size_last_edited=&#8220;on|phone&#8220; header_2_line_height_tablet=&#8220;1.3em&#8220; header_2_line_height_phone=&#8220;1.3em&#8220; header_2_line_height_last_edited=&#8220;on|phone&#8220; header_text_shadow_style=&#8220;preset5&#8243; header_2_text_shadow_style=&#8220;preset5&#8243;]<\/p>\n<h1><strong>Forensic Report<\/strong><\/h1>\n<p>&nbsp;<\/p>\n<p>&nbsp;<\/p>\n<h2>Elaboration of expert reports in the field of digital forensic analysis<\/h2>\n<p>[\/et_pb_text][\/et_pb_column][\/et_pb_row][\/et_pb_section][et_pb_section fb_built=&#8220;1&#8243; _builder_version=&#8220;4.0.4&#8243; custom_margin=&#8220;||-25px||false|false&#8220;][et_pb_row column_structure=&#8220;1_3,1_3,1_3&#8243; _builder_version=&#8220;4.0.4&#8243; animation_style=&#8220;fade&#8220;][et_pb_column type=&#8220;1_3&#8243; _builder_version=&#8220;4.0.4&#8243;][et_pb_testimonial quote_icon_color=&#8220;#ff9500&#8243; _builder_version=&#8220;4.0.4&#8243; body_font=&#8220;|600|||||||&#8220; body_text_color=&#8220;#000000&#8243; body_font_size=&#8220;18px&#8220; background_color=&#8220;rgba(0,0,0,0.04)&#8220; box_shadow_style=&#8220;preset2&#8243;]<\/p>\n<p><strong>We suspect that an employee is committing an illegal act using our HW and SW.<\/strong><\/p>\n<p>[\/et_pb_testimonial][\/et_pb_column][et_pb_column type=&#8220;1_3&#8243; _builder_version=&#8220;4.0.4&#8243;][et_pb_testimonial quote_icon_color=&#8220;#ff9500&#8243; _builder_version=&#8220;4.0.4&#8243; body_font=&#8220;|600|||||||&#8220; body_text_color=&#8220;#000000&#8243; body_font_size=&#8220;18px&#8220; background_color=&#8220;rgba(0,0,0,0.04)&#8220; box_shadow_style=&#8220;preset2&#8243;]<\/p>\n<p><strong>We have been the victim of a security incident and we want to know the cause and extent of it.<\/strong><\/p>\n<p>[\/et_pb_testimonial][\/et_pb_column][et_pb_column type=&#8220;1_3&#8243; _builder_version=&#8220;4.0.4&#8243;][et_pb_testimonial quote_icon_color=&#8220;#ff9500&#8243; _builder_version=&#8220;4.0.4&#8243; body_font=&#8220;|600|||||||&#8220; body_text_color=&#8220;#000000&#8243; body_font_size=&#8220;18px&#8220; background_color=&#8220;rgba(0,0,0,0.04)&#8220; box_shadow_style=&#8220;preset2&#8243;]<\/p>\n<p><strong>I want to document dangerous harassment via electronic means of communication for future reference.<\/strong><\/p>\n<p>[\/et_pb_testimonial][\/et_pb_column][\/et_pb_row][\/et_pb_section][et_pb_section fb_built=&#8220;1&#8243; _builder_version=&#8220;4.0.4&#8243; background_color=&#8220;rgba(0,0,0,0.07)&#8220; custom_margin=&#8220;0px||||false|false&#8220; custom_padding=&#8220;0px||0px||false|false&#8220; border_color_top=&#8220;#ff9500&#8243; border_color_bottom=&#8220;#ff9500&#8243;][et_pb_row _builder_version=&#8220;4.0.4&#8243;][et_pb_column type=&#8220;4_4&#8243; _builder_version=&#8220;4.0.4&#8243;][et_pb_text _builder_version=&#8220;4.9.2&#8243; text_text_color=&#8220;#000000&#8243; text_font_size=&#8220;16px&#8220; header_2_text_color=&#8220;#000000&#8243; header_2_font_size=&#8220;35px&#8220; header_2_line_height=&#8220;1.3em&#8220; custom_padding=&#8220;||0px|||&#8220; hover_enabled=&#8220;0&#8243; text_orientation=&#8220;justified&#8220; sticky_enabled=&#8220;0&#8243;]<\/p>\n<h2>Elaboration of Expert Reports in Accordance with World Standards<\/h2>\n<p>We provide our clients with the possibility to prepare expert opinions in the field of information and communication technologies and information security. We provide the necessary documentation along with proper data assurance and analysis procedures. A wide range of analytical and technical tools used for digital forensic analysis in the world are used for the work, which are validated by the international community of experts and whose results are accepted as evidence by courts everywhere in the world.<br \/> In particular, we deal with advanced analysis of computers, tablets and mobile devices, but also portable media such as external drives, USB sticks, CDs and DVDs, etc.<br \/> We will ensure that our results are defensible and substantiated and are entitled to be evidence in all respects and in accordance with accepted practice in the Czech Republic and around the world. Our years of experience in digital forensics have given us a lot of experience and different perspectives on how to approach cases.<\/p>\n<p>[\/et_pb_text][\/et_pb_column][\/et_pb_row][\/et_pb_section][et_pb_section fb_built=&#8220;1&#8243; _builder_version=&#8220;4.0.4&#8243; custom_padding=&#8220;||||false|false&#8220;][et_pb_row _builder_version=&#8220;4.0.4&#8243; max_width=&#8220;250px&#8220; module_alignment=&#8220;center&#8220; custom_margin=&#8220;||-70px||false|false&#8220; custom_padding=&#8220;0px||0px||false|false&#8220;][et_pb_column type=&#8220;4_4&#8243; _builder_version=&#8220;4.0.4&#8243;][et_pb_text _builder_version=&#8220;4.0.4&#8243; text_text_color=&#8220;#ffffff&#8220; header_text_color=&#8220;#ffffff&#8220; header_4_text_color=&#8220;#ffffff&#8220; header_4_font_size=&#8220;36px&#8220; background_color=&#8220;#ff9500&#8243; width=&#8220;100%&#8220; custom_margin=&#8220;-70px|||400px|false|false&#8220; custom_margin_tablet=&#8220;|||240px|false|false&#8220; custom_margin_phone=&#8220;||50px|100px|false|false&#8220; custom_margin_last_edited=&#8220;on|phone&#8220; custom_padding=&#8220;20px|10px|20px|15px|false|false&#8220; animation_style=&#8220;fade&#8220; border_color_all=&#8220;#ff9500&#8243;]<\/p>\n<h4><strong>Did you know that...<\/strong><\/h4>\n<p>the list of forensic experts can be found on the website of the Czech Ministry of Justice.<\/p>\n<p>[\/et_pb_text][\/et_pb_column][\/et_pb_row][\/et_pb_section][et_pb_section fb_built=&#8220;1&#8243; _builder_version=&#8220;4.0.4&#8243;][et_pb_row _builder_version=&#8220;4.0.4&#8243; custom_margin=&#8220;0px||||false|false&#8220; custom_padding=&#8220;0px||0px||false|false&#8220;][et_pb_column type=&#8220;4_4&#8243; _builder_version=&#8220;4.0.4&#8243;][et_pb_text _builder_version=&#8220;4.0.4&#8243; text_font_size=&#8220;16px&#8220; header_2_text_color=&#8220;#000000&#8243; header_2_font_size=&#8220;35px&#8220; custom_margin=&#8220;-70px||||false|false&#8220; animation_style=&#8220;fade&#8220;]<\/p>\n<h2>How We Proceed<\/h2>\n<p>&nbsp;<\/p>\n<p>[\/et_pb_text][\/et_pb_column][\/et_pb_row][et_pb_row column_structure=&#8220;1_4,1_4,1_4,1_4&#8243; _builder_version=&#8220;4.0.4&#8243; animation_style=&#8220;fade&#8220;][et_pb_column type=&#8220;1_4&#8243; _builder_version=&#8220;4.0.4&#8243;][et_pb_blurb title=&#8220;Stoln\u00ed po\u010d\u00edta\u010de a notebooky&#8220; _builder_version=&#8220;4.0.4&#8243; custom_padding=&#8220;10px|10px|10px|10px|false|false&#8220; border_radii=&#8220;on|2px|2px|2px|2px&#8220; border_width_all=&#8220;2px&#8220; border_color_all=&#8220;#d6d6d6&#8243; box_shadow_style=&#8220;preset1&#8243;]<\/p>\n<p>Acquiring data from classic PCs and laptops is done by taking a forensic image from the installed disk. This guarantees the integrity of the data acquired and access to all content, including deleted data.<\/p>\n<p>[\/et_pb_blurb][\/et_pb_column][et_pb_column type=&#8220;1_4&#8243; _builder_version=&#8220;4.0.4&#8243;][et_pb_blurb title=&#8220;Mobiln\u00ed telefony a tablety&#8220; _builder_version=&#8220;4.0.4&#8243; custom_padding=&#8220;10px|10px|10px|10px|false|false&#8220; border_radii=&#8220;on|2px|2px|2px|2px&#8220; border_width_all=&#8220;2px&#8220; border_color_all=&#8220;#d6d6d6&#8243; box_shadow_style=&#8220;preset1&#8243;]<\/p>\n<p>Acquiring data from mobile phones and tablets is quite complicated, and the procedures and scope of data vary from device to device. We use both state-of-the-art software tools and advanced JTAG and ISP methods to read data directly from memory modules.<\/p>\n<p>[\/et_pb_blurb][\/et_pb_column][et_pb_column type=&#8220;1_4&#8243; _builder_version=&#8220;4.0.4&#8243;][et_pb_blurb title=&#8220;Anal\u00fdza&#8220; _builder_version=&#8220;4.0.4&#8243; custom_padding=&#8220;10px|10px|10px|10px|false|false&#8220; border_radii=&#8220;on|2px|2px|2px|2px&#8220; border_width_all=&#8220;2px&#8220; border_color_all=&#8220;#d6d6d6&#8243; box_shadow_style=&#8220;preset1&#8243;]<\/p>\n<p>The analysis of the acquired data is performed using the latest HW and SW. Thanks to specialized tools, we are able to acquire a wide range of otherwise difficult to access data - deleted data, internet traffic artifacts or event history.<\/p>\n<p>[\/et_pb_blurb][\/et_pb_column][et_pb_column type=&#8220;1_4&#8243; _builder_version=&#8220;4.0.4&#8243;][et_pb_blurb title=&#8220;Znaleck\u00fd posudek&#8220; _builder_version=&#8220;4.0.4&#8243; custom_padding=&#8220;10px|10px|10px|10px|false|false&#8220; border_radii=&#8220;on|2px|2px|2px|2px&#8220; border_width_all=&#8220;2px&#8220; border_color_all=&#8220;#d6d6d6&#8243; box_shadow_style=&#8220;preset1&#8243;]<\/p>\n<p>The result in the form of an expert report has all the elements required by Czech law, respects established and recognised practice and is provided by a forensic expert appointed by the competent authorities.<\/p>\n<p>[\/et_pb_blurb][\/et_pb_column][\/et_pb_row][\/et_pb_section][et_pb_section fb_built=&#8220;1&#8243; _builder_version=&#8220;4.0.4&#8243; background_color=&#8220;#ff9500&#8243; animation_style=&#8220;fade&#8220;][et_pb_row column_structure=&#8220;1_3,2_3&#8243; _builder_version=&#8220;4.0.4&#8243; custom_margin=&#8220;||0px||false|false&#8220; custom_padding=&#8220;0px||0px||false|false&#8220;][et_pb_column type=&#8220;1_3&#8243; _builder_version=&#8220;4.0.4&#8243;][et_pb_image src=&#8220;http:\/\/www.forensee.cz\/wp-content\/uploads\/2020\/05\/law-firm-19.jpg&#8220; align=&#8220;center&#8220; _builder_version=&#8220;4.0.4&#8243;][\/et_pb_image][\/et_pb_column][et_pb_column type=&#8220;2_3&#8243; _builder_version=&#8220;4.0.4&#8243;][et_pb_text _builder_version=&#8220;4.9.2&#8243; text_text_color=&#8220;#ffffff&#8220; text_font_size=&#8220;16px&#8220; header_2_text_color=&#8220;#ffffff&#8220; header_2_font_size=&#8220;35px&#8220; header_2_line_height=&#8220;1.5em&#8220; custom_margin=&#8220;0px||-45px||false|false&#8220; custom_padding=&#8220;0px||0px||false|false&#8220; hover_enabled=&#8220;0&#8243; text_orientation=&#8220;justified&#8220; sticky_enabled=&#8220;0&#8243;]<\/p>\n<h2><strong>Case Study<\/strong><\/h2>\n<p><strong>Client:<\/strong> Law Frim<\/p>\n<p><strong>Problem:<\/strong> Former employees are likely to have taken valuable know-how to competitors<\/p>\n<p><strong>Our solution:<\/strong><\/p>\n<p>We took possession of the personal computers and mobile phones of the former employees from the client, which were taken away immediately after they gave their notice. Using generally accepted procedures, we acquired the data from these devices in such a way that their integrity was not compromised and the output could be used in criminal proceedings in the event of serious findings.<\/p>\n<p>Subsequently, an analysis of the acquired data was performed. Parts of documents and e-mail messages that confirmed the client's suspicions were identified in the system files and deleted data. After breaking protection on one of the acquired phones, parts of conversations between former employees were found, clearly proving the targeted exfiltration of sensitive business data to competitors.<\/p>\n<p>&nbsp;<\/p>\n<p>[\/et_pb_text][\/et_pb_column][\/et_pb_row][\/et_pb_section][et_pb_section fb_built=&#8220;1&#8243; _builder_version=&#8220;4.0.4&#8243; animation_style=&#8220;fade&#8220;][et_pb_row column_structure=&#8220;1_2,1_2&#8243; _builder_version=&#8220;4.0.4&#8243; module_alignment=&#8220;center&#8220; custom_margin=&#8220;|auto||687px||&#8220;][et_pb_column type=&#8220;1_2&#8243; _builder_version=&#8220;4.0.4&#8243;][et_pb_image src=&#8220;http:\/\/www.forensee.cz\/wp-content\/uploads\/2020\/05\/IMG_5255.jpg&#8220; _builder_version=&#8220;4.0.4&#8243; max_height=&#8220;460px&#8220;][\/et_pb_image][\/et_pb_column][et_pb_column type=&#8220;1_2&#8243; _builder_version=&#8220;4.0.4&#8243; custom_padding=&#8220;|||0px|false|false&#8220;][et_pb_team_member name=&#8220;Mari\u00e1n Svetl\u00edk&#8220; position=&#8220;Soudn\u00ed znalec&#8220; _builder_version=&#8220;4.0.4&#8243; header_font=&#8220;|600|||||||&#8220; header_text_color=&#8220;#000000&#8243; header_font_size=&#8220;25px&#8220; position_text_color=&#8220;#000000&#8243; custom_margin=&#8220;0px||||false|false&#8220; custom_padding=&#8220;103px||0px||false|false&#8220;][\/et_pb_team_member][et_pb_text _builder_version=&#8220;4.0.4&#8243; header_2_font_size=&#8220;20px&#8220;]<\/p>\n<h2 style=\"text-align: left;\">Do you need an expert report in the field of IT?<\/h2>\n<p>[\/et_pb_text][et_pb_blurb use_icon=&#8220;on&#8220; font_icon=&#8220;%%238%%&#8220; icon_color=&#8220;#ff9500&#8243; icon_placement=&#8220;left&#8220; _builder_version=&#8220;4.0.4&#8243; body_text_color=&#8220;#ff9500&#8243; body_font_size=&#8220;20px&#8220; body_link_text_color=&#8220;#ff9500&#8243;]<\/p>\n<p><a href=\"mailto:krasna@forensee.cz\">znalec@forensee.cz<\/a><\/p>\n<p>[\/et_pb_blurb][et_pb_blurb use_icon=&#8220;on&#8220; font_icon=&#8220;%%264%%&#8220; icon_color=&#8220;#ff9500&#8243; icon_placement=&#8220;left&#8220; _builder_version=&#8220;4.0.4&#8243; body_text_color=&#8220;#ff9500&#8243; body_font_size=&#8220;20px&#8220; body_link_text_color=&#8220;#ff9500&#8243;]<\/p>\n<p>+420 602 231 780<\/p>\n<p>[\/et_pb_blurb][\/et_pb_column][\/et_pb_row][\/et_pb_section]<\/p>","protected":false},"excerpt":{"rendered":"<p>Znaleck\u00e9 posudky &nbsp; &nbsp; Vypracov\u00e1n\u00ed znaleck\u00fdch posudk\u016f z oblasti digit\u00e1ln\u00ed forenzn\u00ed anal\u00fdzyM\u00e1me podez\u0159en\u00ed, \u017ee se zam\u011bstnanec dopou\u0161t\u00ed protipr\u00e1vn\u00edho jedn\u00e1n\u00ed s vyu\u017eit\u00edm na\u0161eho HW a SW.Stali jsme se ob\u011bt\u00ed bezpe\u010dnostn\u00edho incidentu a chceme zn\u00e1t jeho p\u0159\u00ed\u010dinu a rozsah.Chci pro budouc\u00ed vyu\u017eit\u00ed zadokumentovat nebezpe\u010dn\u00e9 obt\u011b\u017eov\u00e1n\u00ed prost\u0159ednictv\u00edm prost\u0159edk\u016f elektronick\u00e9 komunikace.Zpracov\u00e1n\u00ed znaleck\u00fdch posudk\u016f v souladu se sv\u011btov\u00fdmi standardy Na\u0161im [&hellip;]<\/p>","protected":false},"author":1,"featured_media":0,"parent":0,"menu_order":0,"comment_status":"closed","ping_status":"closed","template":"","meta":{"_et_pb_use_builder":"on","_et_pb_old_content":"","_et_gb_content_width":"","footnotes":""},"class_list":["post-247","page","type-page","status-publish","hentry"],"yoast_head":"<!-- This site is optimized with the Yoast SEO plugin v20.9 - https:\/\/yoast.com\/wordpress\/plugins\/seo\/ -->\n<title>Znaleck\u00e9 posudky - vypracov\u00e1n\u00ed znaleck\u00fdch posudk\u016f - forensee<\/title>\n<meta name=\"description\" content=\"Na\u0161im klient\u016fm poskytujeme mo\u017enost vypracov\u00e1n\u00ed znaleck\u00e9ho posudku z oblasti informa\u010dn\u00edch a komunika\u010dn\u00edch technologi\u00ed a bezpe\u010dnosti informac\u00ed.\" \/>\n<meta name=\"robots\" content=\"index, follow, max-snippet:-1, max-image-preview:large, max-video-preview:-1\" \/>\n<link rel=\"canonical\" href=\"https:\/\/www.forensee.cz\/en\/znalecke-posudky\/\" \/>\n<meta property=\"og:locale\" content=\"en_US\" \/>\n<meta property=\"og:type\" content=\"article\" \/>\n<meta property=\"og:title\" content=\"Znaleck\u00e9 posudky - vypracov\u00e1n\u00ed znaleck\u00fdch posudk\u016f - forensee\" \/>\n<meta property=\"og:description\" content=\"Na\u0161im klient\u016fm poskytujeme mo\u017enost vypracov\u00e1n\u00ed znaleck\u00e9ho posudku z oblasti informa\u010dn\u00edch a komunika\u010dn\u00edch technologi\u00ed a bezpe\u010dnosti informac\u00ed.\" \/>\n<meta property=\"og:url\" content=\"https:\/\/www.forensee.cz\/en\/znalecke-posudky\/\" \/>\n<meta property=\"og:site_name\" content=\"forensee\" \/>\n<meta property=\"article:publisher\" content=\"https:\/\/www.facebook.com\/forensee\" \/>\n<meta property=\"article:modified_time\" content=\"2021-03-30T10:35:47+00:00\" \/>\n<meta name=\"twitter:card\" content=\"summary_large_image\" \/>\n<meta name=\"twitter:site\" content=\"@forensee\" \/>\n<meta name=\"twitter:label1\" content=\"Est. reading time\" \/>\n\t<meta name=\"twitter:data1\" content=\"4 minutes\" \/>\n<script type=\"application\/ld+json\" class=\"yoast-schema-graph\">{\"@context\":\"https:\/\/schema.org\",\"@graph\":[{\"@type\":\"WebPage\",\"@id\":\"https:\/\/www.forensee.cz\/znalecke-posudky\/\",\"url\":\"https:\/\/www.forensee.cz\/znalecke-posudky\/\",\"name\":\"Znaleck\u00e9 posudky - vypracov\u00e1n\u00ed znaleck\u00fdch posudk\u016f - forensee\",\"isPartOf\":{\"@id\":\"https:\/\/www.forensee.cz\/#website\"},\"datePublished\":\"2020-02-21T17:20:47+00:00\",\"dateModified\":\"2021-03-30T10:35:47+00:00\",\"description\":\"Na\u0161im klient\u016fm poskytujeme mo\u017enost vypracov\u00e1n\u00ed znaleck\u00e9ho posudku z oblasti informa\u010dn\u00edch a komunika\u010dn\u00edch technologi\u00ed a bezpe\u010dnosti informac\u00ed.\",\"breadcrumb\":{\"@id\":\"https:\/\/www.forensee.cz\/znalecke-posudky\/#breadcrumb\"},\"inLanguage\":\"en-US\",\"potentialAction\":[{\"@type\":\"ReadAction\",\"target\":[\"https:\/\/www.forensee.cz\/znalecke-posudky\/\"]}]},{\"@type\":\"BreadcrumbList\",\"@id\":\"https:\/\/www.forensee.cz\/znalecke-posudky\/#breadcrumb\",\"itemListElement\":[{\"@type\":\"ListItem\",\"position\":1,\"name\":\"Dom\u016f\",\"item\":\"https:\/\/www.forensee.cz\/\"},{\"@type\":\"ListItem\",\"position\":2,\"name\":\"Znaleck\u00e9 posudky\"}]},{\"@type\":\"WebSite\",\"@id\":\"https:\/\/www.forensee.cz\/#website\",\"url\":\"https:\/\/www.forensee.cz\/\",\"name\":\"forensee\",\"description\":\"\u0158e\u0161en\u00ed a slu\u017eby v oblasti digit\u00e1ln\u00ed forenzn\u00ed anal\u00fdzy a \u0159\u00edzen\u00ed bezpe\u010dnosti informac\u00ed\",\"publisher\":{\"@id\":\"https:\/\/www.forensee.cz\/#organization\"},\"potentialAction\":[{\"@type\":\"SearchAction\",\"target\":{\"@type\":\"EntryPoint\",\"urlTemplate\":\"https:\/\/www.forensee.cz\/?s={search_term_string}\"},\"query-input\":\"required name=search_term_string\"}],\"inLanguage\":\"en-US\"},{\"@type\":\"Organization\",\"@id\":\"https:\/\/www.forensee.cz\/#organization\",\"name\":\"forensee\",\"url\":\"https:\/\/www.forensee.cz\/\",\"logo\":{\"@type\":\"ImageObject\",\"inLanguage\":\"en-US\",\"@id\":\"https:\/\/www.forensee.cz\/#\/schema\/logo\/image\/\",\"url\":\"https:\/\/www.forensee.cz\/wp-content\/uploads\/2020\/05\/image.png\",\"contentUrl\":\"https:\/\/www.forensee.cz\/wp-content\/uploads\/2020\/05\/image.png\",\"width\":300,\"height\":75,\"caption\":\"forensee\"},\"image\":{\"@id\":\"https:\/\/www.forensee.cz\/#\/schema\/logo\/image\/\"},\"sameAs\":[\"https:\/\/www.facebook.com\/forensee\",\"https:\/\/twitter.com\/forensee\"]}]}<\/script>\n<!-- \/ Yoast SEO plugin. -->","yoast_head_json":{"title":"Znaleck\u00e9 posudky - vypracov\u00e1n\u00ed znaleck\u00fdch posudk\u016f - forensee","description":"Na\u0161im klient\u016fm poskytujeme mo\u017enost vypracov\u00e1n\u00ed znaleck\u00e9ho posudku z oblasti informa\u010dn\u00edch a komunika\u010dn\u00edch technologi\u00ed a bezpe\u010dnosti informac\u00ed.","robots":{"index":"index","follow":"follow","max-snippet":"max-snippet:-1","max-image-preview":"max-image-preview:large","max-video-preview":"max-video-preview:-1"},"canonical":"https:\/\/www.forensee.cz\/en\/znalecke-posudky\/","og_locale":"en_US","og_type":"article","og_title":"Znaleck\u00e9 posudky - vypracov\u00e1n\u00ed znaleck\u00fdch posudk\u016f - forensee","og_description":"Na\u0161im klient\u016fm poskytujeme mo\u017enost vypracov\u00e1n\u00ed znaleck\u00e9ho posudku z oblasti informa\u010dn\u00edch a komunika\u010dn\u00edch technologi\u00ed a bezpe\u010dnosti informac\u00ed.","og_url":"https:\/\/www.forensee.cz\/en\/znalecke-posudky\/","og_site_name":"forensee","article_publisher":"https:\/\/www.facebook.com\/forensee","article_modified_time":"2021-03-30T10:35:47+00:00","twitter_card":"summary_large_image","twitter_site":"@forensee","twitter_misc":{"Est. reading time":"4 minutes"},"schema":{"@context":"https:\/\/schema.org","@graph":[{"@type":"WebPage","@id":"https:\/\/www.forensee.cz\/znalecke-posudky\/","url":"https:\/\/www.forensee.cz\/znalecke-posudky\/","name":"Znaleck\u00e9 posudky - vypracov\u00e1n\u00ed znaleck\u00fdch posudk\u016f - forensee","isPartOf":{"@id":"https:\/\/www.forensee.cz\/#website"},"datePublished":"2020-02-21T17:20:47+00:00","dateModified":"2021-03-30T10:35:47+00:00","description":"Na\u0161im klient\u016fm poskytujeme mo\u017enost vypracov\u00e1n\u00ed znaleck\u00e9ho posudku z oblasti informa\u010dn\u00edch a komunika\u010dn\u00edch technologi\u00ed a bezpe\u010dnosti informac\u00ed.","breadcrumb":{"@id":"https:\/\/www.forensee.cz\/znalecke-posudky\/#breadcrumb"},"inLanguage":"en-US","potentialAction":[{"@type":"ReadAction","target":["https:\/\/www.forensee.cz\/znalecke-posudky\/"]}]},{"@type":"BreadcrumbList","@id":"https:\/\/www.forensee.cz\/znalecke-posudky\/#breadcrumb","itemListElement":[{"@type":"ListItem","position":1,"name":"Dom\u016f","item":"https:\/\/www.forensee.cz\/"},{"@type":"ListItem","position":2,"name":"Znaleck\u00e9 posudky"}]},{"@type":"WebSite","@id":"https:\/\/www.forensee.cz\/#website","url":"https:\/\/www.forensee.cz\/","name":"forensee","description":"\u0158e\u0161en\u00ed a slu\u017eby v oblasti digit\u00e1ln\u00ed forenzn\u00ed anal\u00fdzy a \u0159\u00edzen\u00ed bezpe\u010dnosti informac\u00ed","publisher":{"@id":"https:\/\/www.forensee.cz\/#organization"},"potentialAction":[{"@type":"SearchAction","target":{"@type":"EntryPoint","urlTemplate":"https:\/\/www.forensee.cz\/?s={search_term_string}"},"query-input":"required name=search_term_string"}],"inLanguage":"en-US"},{"@type":"Organization","@id":"https:\/\/www.forensee.cz\/#organization","name":"forensee","url":"https:\/\/www.forensee.cz\/","logo":{"@type":"ImageObject","inLanguage":"en-US","@id":"https:\/\/www.forensee.cz\/#\/schema\/logo\/image\/","url":"https:\/\/www.forensee.cz\/wp-content\/uploads\/2020\/05\/image.png","contentUrl":"https:\/\/www.forensee.cz\/wp-content\/uploads\/2020\/05\/image.png","width":300,"height":75,"caption":"forensee"},"image":{"@id":"https:\/\/www.forensee.cz\/#\/schema\/logo\/image\/"},"sameAs":["https:\/\/www.facebook.com\/forensee","https:\/\/twitter.com\/forensee"]}]}},"_links":{"self":[{"href":"https:\/\/www.forensee.cz\/en\/wp-json\/wp\/v2\/pages\/247","targetHints":{"allow":["GET"]}}],"collection":[{"href":"https:\/\/www.forensee.cz\/en\/wp-json\/wp\/v2\/pages"}],"about":[{"href":"https:\/\/www.forensee.cz\/en\/wp-json\/wp\/v2\/types\/page"}],"author":[{"embeddable":true,"href":"https:\/\/www.forensee.cz\/en\/wp-json\/wp\/v2\/users\/1"}],"replies":[{"embeddable":true,"href":"https:\/\/www.forensee.cz\/en\/wp-json\/wp\/v2\/comments?post=247"}],"version-history":[{"count":30,"href":"https:\/\/www.forensee.cz\/en\/wp-json\/wp\/v2\/pages\/247\/revisions"}],"predecessor-version":[{"id":1787,"href":"https:\/\/www.forensee.cz\/en\/wp-json\/wp\/v2\/pages\/247\/revisions\/1787"}],"wp:attachment":[{"href":"https:\/\/www.forensee.cz\/en\/wp-json\/wp\/v2\/media?parent=247"}],"curies":[{"name":"wp","href":"https:\/\/api.w.org\/{rel}","templated":true}]}}